{"id":134,"date":"2021-06-10T15:22:54","date_gmt":"2021-06-10T15:22:54","guid":{"rendered":"https:\/\/onaro.eus\/azala\/"},"modified":"2026-02-11T14:26:33","modified_gmt":"2026-02-11T14:26:33","slug":"azala","status":"publish","type":"page","link":"https:\/\/onaro.eus\/es\/","title":{"rendered":"Azala"},"content":{"rendered":"<div\n  class=\"orbit\"\n  role=\"region\"\n  aria-label=\"\"\n  data-orbit\n  data-options=\"pauseOnHover:false; animInFromLeft:fade-in; animInFromRight:fade-in; animOutToLeft:fade-out; animOutToRight:fade-out;\"\n  data-auto-play=\"true\"\n  data-use-m-u-i=\"true\"\n  >\n\n    <div class=\"orbit-wrapper\">\n      \n      <ul class=\"orbit-container fp-slider\">\n                  <li class=\"is-active orbit-slide\" style=\"background-image:url(\/app\/uploads\/2021\/06\/onaro-11.png);\">\n            <figure class=\"orbit-figure\">\n              \n            <\/figure>\n\n            <figcaption class=\"orbit-caption\">\n               <h1 class=\"cl-white\">O\u00f1atiko<\/br>telekomunikazio<\/br>operadorea<\/h1>                <h2 class=\"cl-white\">Herritarren beharrak herritik erantzuteko. Inoiz baino argiago.<\/h2> \n                              <div class=\"button-group aligncenter\">\n                    <div class=\"button circular-btn\">\n                      <a class=\"\" href=\"\/#formularioa\">\n                        Kontratatu\n                      <\/a>           \n                    <\/div>\n                <\/div>\n                          <\/figcaption>\n          <\/li>\n              <\/ul>\n    <\/div>\n  <\/div>\n\n<div class=\"wp-block-group is-layout-constrained wp-block-group-is-layout-constrained\" style=\"padding-top:var(--wp--preset--spacing--70);padding-bottom:var(--wp--preset--spacing--70)\">\n<h1 class=\"wp-block-heading o-title\">Servicios<\/h1>\n\n\n\n<div class=\"wp-block-columns is-layout-flex wp-container-core-columns-is-layout-1 wp-block-columns-is-layout-flex\">\n<div class=\"wp-block-column is-layout-flow wp-block-column-is-layout-flow\">\n<figure class=\"wp-block-image aligncenter size-full\"><img loading=\"lazy\" decoding=\"async\" width=\"150\" height=\"150\" src=\"\/app\/uploads\/2021\/06\/onaro-07-e1623338095169.png\" alt=\"\" class=\"wp-image-49\"\/><\/figure>\n\n\n\n<h4 class=\"wp-block-heading has-text-align-center has-text-color has-link-color wp-elements-0cdaf525db0e6531d9cb22e898be0435\" style=\"color:#0f3e43\">Telefon\u00eda<\/h4>\n\n\n\n<h5 class=\"wp-block-heading has-text-align-center has-text-color has-link-color wp-elements-9e2031f7e110429b744f871bc8eda487\" style=\"color:#0f3e43;margin-top:0;font-style:normal;font-weight:400\">M\u00f3vil<\/h5>\n<\/div>\n\n\n\n<div class=\"wp-block-column is-layout-flow wp-block-column-is-layout-flow\">\n<figure class=\"wp-block-image aligncenter size-full\"><img loading=\"lazy\" decoding=\"async\" width=\"150\" height=\"150\" src=\"\/app\/uploads\/2021\/06\/onaro-09-e1623338112171.png\" alt=\"\" class=\"wp-image-51\"\/><\/figure>\n\n\n\n<h4 class=\"wp-block-heading has-text-align-center has-text-color has-link-color wp-elements-049a1314d7efc3bc036c6c8bf021b155\" style=\"color:#0f3e43\">Conexi\u00f3n a internet<\/h4>\n\n\n\n<h5 class=\"wp-block-heading has-text-align-center has-text-color has-link-color wp-elements-bfe21fdb5b9c4f25f92d907ae66841b8\" style=\"color:#0f3e43;margin-top:0;font-style:normal;font-weight:400\">Por radiofrecuencia<\/h5>\n<\/div>\n\n\n\n<div class=\"wp-block-column is-layout-flow wp-block-column-is-layout-flow\">\n<figure class=\"wp-block-image aligncenter size-full\"><img loading=\"lazy\" decoding=\"async\" width=\"150\" height=\"150\" src=\"\/app\/uploads\/2021\/06\/onaro-08-e1623338132110.png\" alt=\"\" class=\"wp-image-50\"\/><\/figure>\n\n\n\n<h4 class=\"wp-block-heading has-text-align-center has-text-color has-link-color wp-elements-049a1314d7efc3bc036c6c8bf021b155\" style=\"color:#0f3e43\">Conexi\u00f3n a internet<\/h4>\n\n\n\n<h5 class=\"wp-block-heading has-text-align-center has-text-color has-link-color wp-elements-f066c52335de313e7f46df71eeecd3dd\" style=\"color:#0f3e43;margin-top:0;font-style:normal;font-weight:400\">Por fibra \u00f3ptica<\/h5>\n<\/div>\n<\/div>\n\n\n\n<div class=\"wp-block-columns is-layout-flex wp-container-core-columns-is-layout-2 wp-block-columns-is-layout-flex\">\n<div class=\"wp-block-column is-layout-flow wp-block-column-is-layout-flow\">\n<figure class=\"wp-block-image aligncenter size-full\"><img loading=\"lazy\" decoding=\"async\" width=\"150\" height=\"150\" src=\"\/app\/uploads\/2021\/06\/onaro-10-e1623338151199.png\" alt=\"\" class=\"wp-image-52\"\/><\/figure>\n\n\n\n<h4 class=\"wp-block-heading has-text-align-center has-text-color has-link-color wp-elements-0cdaf525db0e6531d9cb22e898be0435\" style=\"color:#0f3e43\">Telefon\u00eda<\/h4>\n\n\n\n<h5 class=\"wp-block-heading has-text-align-center has-text-color has-link-color wp-elements-bd4dcec93daf84571975e04978a8e994\" style=\"color:#0f3e43;margin-top:0;font-style:normal;font-weight:400\">Fijo<\/h5>\n<\/div>\n\n\n\n<div class=\"wp-block-column is-layout-flow wp-block-column-is-layout-flow\">\n<figure class=\"wp-block-image aligncenter size-full\"><img loading=\"lazy\" decoding=\"async\" width=\"150\" height=\"150\" src=\"\/app\/uploads\/2025\/02\/TB.png\" alt=\"\" class=\"wp-image-670\"\/><\/figure>\n\n\n\n<h4 class=\"wp-block-heading has-text-align-center has-text-color has-link-color wp-elements-1e22780050f32825e58c96259685386e\" style=\"color:#0f3e43\">Televisi\u00f3n<\/h4>\n\n\n\n<h5 class=\"wp-block-heading has-text-align-center has-text-color has-link-color wp-elements-dfb8ac2f0fb7c32657a145d1ac4d3c42\" style=\"color:#0f3e43;margin-top:0;font-style:normal;font-weight:400\">Por internet<\/h5>\n<\/div>\n<\/div>\n<\/div>\n<div class=\"bannerblock fullwidth aligncenter fix-3-both\">\n  <div class=\"banner-img\" style=\"background-image:url(\/app\/uploads\/2021\/06\/onaro-12.png);\">\n  <\/div>\n  <div class=\"banner-txt-wrapper grid-container grid-x grid-margin-x medium-up-3\">\n    <div class=\"cell banner-txt\">\n      Telekomunikazio operatzaile nagusiek ahaztua duten landa-eremura banda zabala eramateko.\n    <\/div>\n    <div class=\"cell banner-txt\">\n      Herritarrei arreta zuzena eskaintzeko. Gertukoa eta amarru edo engainurik gabea.\n    <\/div>\n    <div class=\"cell banner-txt\">\n      Herritarren beharrak herritik erantzuten ditugu, bertako hornitzaileekin elkarlanean.\n    <\/div>\n  <\/div>\n<\/div><div class=\"internetblock grid-container fix-3-both\">\n  <h1 class=\"o-title\">Internet Konexioa<\/h1>  \n  <div class=\"grid-container grid-x grid-margin-x collapse\" data-equalizer=\"price-card-1\">\n    <div class=\"cell medium-4\">\n      <div class=\"price-card\" data-equalizer-watch=\"price-card-1\">\n        <div class=\"price-card-title\"><strong>30Mb\/30Mb<\/strong> banda zabala irrati loturaz<\/div>\n        <div class=\"price-card-price\">25\u20ac \/ hilean<\/div>\n        \n                  <div class=\"price-card-note\">*Telefonia finkoarekin 3\u20ac gehiago<br \/>\r\n*Telefono finkotik egindako deien kostua: 0,05\u20ac\/minutua<\/div>\n              <\/div>\n      <div class=\"internetblock-txt\">\n        <h3 style=\"text-align: center;\">Irrati bidezko konexioa<\/h3>\n<p>Landa-eremuan edo eta zuntza iristen ez den eraikinetan, banda zabaleko konexioa bermatzeko.<\/p>\n\n      <\/div>\n    <\/div>\n  \n    <div class=\"cell medium-8\">\n      <div class=\"grid-x grid-margin-x\">\n        <div class=\"price-card cell medium-6\" data-equalizer-watch=\"price-card-1\">\n          <div class=\"price-card-title\"><strong>300\/300Mb<\/strong> abiadurako zuntz simetrikoa<\/div>\n          <div class=\"price-card-price\">29,99\u20ac \/ hilean<\/div>\n                      <div class=\"price-card-note\">*Telefono finkoa barne <br \/>\r\n*Alta ematea 50\u20ac<\/div>\n                  <\/div>\n  \n        <div class=\"price-card cell medium-6\" data-equalizer-watch=\"price-card-1\">\n          <div class=\"price-card-title\"><strong>600\/600Mb<\/strong> abiadurako zuntz simetrikoa<\/div>\n          <div class=\"price-card-price\">49,99\u20ac \/ hilean<\/div>\n                      <div class=\"price-card-note\">*Telefono finkoa barne <br \/>\r\n*Alta ematea 50\u20ac<\/div>\n                  <\/div>\n      <\/div>\n  \n      <div class=\"internetblock-txt\">\n        <h2 style=\"text-align: center;\">Zuntz simetrikoa. Etxeraino iristen den benetako zuntza<\/h2>\n<p>Jeitsiera eta igoera abiadura bermatzen duen FTTH teknologia erabilita.<\/p>\n\n      <\/div>\n    <\/div>\n  <\/div>\n<\/div><div class=\"mugikorrablock grid-container fix-3-both\">\n  <h1 class=\"o-title\">Telefonia Mugikorra<\/h1>\n  <div class=\"mugikorra-prices grid-x grid-margin-x align-center medium-up-3\" data-equalizer=\"m-price-1\">\n        <div class=\"price-card cell\" data-equalizer-watch=\"m-prize-1\">\n      <div class=\"price-card-title\">DATURIK GABE <\/br> ZERO MINUTU<\/div>\n      <div class=\"price-card-price\">1,00\u20ac \/ hilean<\/div>\n          <\/div>\n        <div class=\"price-card cell\" data-equalizer-watch=\"m-prize-1\">\n      <div class=\"price-card-title\">1GB 150 MINUTU<\/div>\n      <div class=\"price-card-price\">4,90\u20ac \/ hilean<\/div>\n          <\/div>\n        <div class=\"price-card cell\" data-equalizer-watch=\"m-prize-1\">\n      <div class=\"price-card-title\">5GB <\/br> DEI MUGAGABEAK<\/div>\n      <div class=\"price-card-price\">6,90\u20ac \/ hilean<\/div>\n          <\/div>\n      <\/div>\n\n      <div class=\"mugikorra-prices grid-x grid-margin-x align-center medium-up-4\" data-equalizer=\"m-price-2\">\n            <div class=\"price-card cell\" data-equalizer-watch=\"m-price-2\">\n        <div class=\"price-card-title\">40GB <\/br> DEI MUGAGABEAK<\/div>\n        <div class=\"price-card-price\">7,90\u20ac \/ hilean<\/div>\n      <\/div>\n            <div class=\"price-card cell\" data-equalizer-watch=\"m-price-2\">\n        <div class=\"price-card-title\">60GB <\/br> DEI MUGAGABEAK<\/div>\n        <div class=\"price-card-price\">9,90\u20ac \/ hilean<\/div>\n      <\/div>\n            <div class=\"price-card cell\" data-equalizer-watch=\"m-price-2\">\n        <div class=\"price-card-title\">100GB <\/br>DEI MUGAGABEAK<\/div>\n        <div class=\"price-card-price\">10,90\u20ac \/ hilean<\/div>\n      <\/div>\n            <div class=\"price-card cell\" data-equalizer-watch=\"m-price-2\">\n        <div class=\"price-card-title\">200GB<\/br>DEI MUGAGABEAK<\/div>\n        <div class=\"price-card-price\">14,90\u20ac \/ hilean<\/div>\n      <\/div>\n            <div class=\"price-card cell\" data-equalizer-watch=\"m-price-2\">\n        <div class=\"price-card-title\">400GB<\/br>DEI MUGAGABEAK<\/div>\n        <div class=\"price-card-price\">24,90\u20ac \/ hilean<\/div>\n      <\/div>\n            <div class=\"price-card cell\" data-equalizer-watch=\"m-price-2\">\n        <div class=\"price-card-title\">BONO PARTEKATUA 60GB<\/br>DEI MUGAGABEAK<\/div>\n        <div class=\"price-card-price\">20,90\u20ac \/ hilean<\/div>\n      <\/div>\n            <div class=\"price-card cell\" data-equalizer-watch=\"m-price-2\">\n        <div class=\"price-card-title\">BONO PARTEKATUA 80GB<\/br>DEI MUGAGABEAK<\/div>\n        <div class=\"price-card-price\">25,90\u20ac \/ hilean<\/div>\n      <\/div>\n            <div class=\"price-card cell\" data-equalizer-watch=\"m-price-2\">\n        <div class=\"price-card-title\">BONO PARTEKATUA 150GB<\/br>DEI MUGAGABEAK<\/div>\n        <div class=\"price-card-price\">35,90\u20ac \/ hilean<\/div>\n      <\/div>\n          <\/div>      \n  <\/div><div class=\"mugikorrablock grid-container fix-3-both\">\n  <h1 class=\"o-title\">Telebista<\/h1>\n  <div class=\"mugikorra-prices grid-x grid-margin-x align-center medium-up-3\" data-equalizer=\"m-price-1\">\n        <div class=\"price-card cell\" data-equalizer-watch=\"m-prize-1\">\n      <div class=\"price-card-title\">BEGIZTA TV<\/div>\n      <div class=\"price-card-price\">2,95\u20ac\/hilean<\/div>\n              <div class=\"price-card-note\">* Euskal herri osoan ikusgai<br>   *Lehenengo hilabetea doan<br>   *Iraunkortasunik gabe<\/div>\n          <\/div>\n      <\/div>\n\n  <\/div>\n<h1 class=\"o-title\">Eskuratu zure tarifa!<\/h1>\r\n\n<p class=\"has-text-align-center\">Bete hurrengo formularioa edo etorri gure bulegora zure tarifa eskuratzeko: <br\/>Bidebarrieta 24, O\u00f1argiren bulego berdinean<br\/>09:00 &#8211; 14:00<br\/>943 718 010<br\/>arreta@onaro.eus<\/p>\n<form id=\"formularioa\" action=\"\/eu\/bidalketa\/\" method=\"post\">\n  <div class=\"grid-container\">\n    <div class=\"grid-x grid-padding-x large-up-2\">\n\n      <div class=\"cell  fix-2-up\">\n        <legend>Zure informazioa<\/legend>\n        <fieldset class=\"grid-x grid-margin-x medium-up-2\">\n          <div class=\"cell\">\n            <label for=\"fname\">Izena\n              <input required id=\"fname\" name=\"fname\" type=\"text\" placeholder=\"Izena\">\n            <\/label>\n          <\/div>\n\n          <div class=\"cell\">\n            <label for=\"lname\">Abizenak\n              <input required id=\"lname\" name=\"lname\" type=\"text\" placeholder=\"Abizenak\">\n            <\/label>\n          <\/div>\n\n          <div class=\"cell\">\n            <label for=\"nan\">NAN Zenbakia\n              <input required id=\"nan\" name=\"nan\" type=\"text\" size=\"9\" placeholder=\"00000000X\">\n            <\/label>\n          <\/div>\n    \n          <div class=\"cell\">\n            <label for=\"bdate\">Jaiotze data\n              <input required id=\"bdate\" name=\"bdate\" type=\"date\" placeholder=\"Izena\">\n            <\/label>\n          <\/div>\n        <\/fieldset>\n      <\/div>\n\n      <div class=\"cell  fix-2-up\">\n        <legend>Harremanetarako informazioa<\/legend>\n        <fieldset class=\"grid-x grid-margin-x medium-up-2\">\n          \n          <div class=\"cell\">\n            <label for=\"address\">Helbidea\n              <input required type=\"text\" id=\"address\" name=\"address\">\n            <\/label>\n          <\/div>\n\n          <div class=\"cell\">\n            <label for=\"email\">Emaila\n              <input required type=\"email\" id=\"email\"  name=\"email\" placeholder=\"onaro@onaro.eus\">\n            <\/label>\n          <\/div>\n\n          <div class=\"cell\">\n            <label for=\"phone\">Harremanetarako telefonoa\n              <input required type=\"tel\" id=\"phone\" name=\"phone\" pattern=\"[0-9]{9}\" placeholder=\"000000000\">\n            <\/label>\n          <\/div>\n\n          <div class=\"cell medium-6\">\n            <label for=\"language\">Harremanetarako hizkuntza\n              <select required id=\"language\" name=\"language\">\n                <option value=\"eu_ES\" selected>Euskara<\/option>\n                <option value=\"es_ES\">Castellano<\/option>\n              <\/select>\n            <\/label>\n          <\/div>\n\n        <\/fieldset>\n      <\/div>      \n\n      <div class=\"cell  fix-2-up\">\n        <legend>Zerbitzuetarako informazioa<\/legend>\n        <fieldset class=\"grid-margin-x grid-x medium-up-2\">\n\n          <fieldset required class=\"cell\">\n            <legend>Zerbitzuak<\/legend>\n            <fieldset class=\"grid-x grid-margin-x medium-up-1\">\n              <label class=\"cell\" for=\"zirural\"><input id=\"zirural\"  name=\"zirural\" type=\"checkbox\">Landa eremuko interneta<\/label>\n              <label class=\"cell\" for=\"zicity\"><input id=\"zicity\" name=\"zicity\" type=\"checkbox\">Herriko interneta<\/label>\n              <label class=\"cell\" for=\"zphone\"><input id=\"zphone\" name=\"zphone\" type=\"checkbox\">Telefono finkoa<\/label>\n              <label  class=\"cell\" for=\"zmobile\"><input id=\"zmobile\" name=\"zmobile\" type=\"checkbox\">Telefono mugikorra<\/label>\n            <\/fieldset>\n          <\/fieldset>\n\n          <div class=\"cell\">\n            <label for=\"cphone\">Portabilidaderako telefonoa\n              <input required type=\"tel\" id=\"cphone\" name=\"cphone\" pattern=\"[0-9]{9}\" placeholder=\"000000000\">\n            <\/label>\n          <\/div>\n        <\/fieldset>\n      <\/div>\n\n      <div class=\"cell fix-2-up\">\n        <legend>Kontratazio informazioa<\/legend>\n        <fieldset class=\"grid-x grid-margin-x\">\n          <div class=\"cell medium-6\">\n            <label for=\"cciban\">Kontu korrontea\n              <input required id=\"cciban\" name=\"cciban\" type=\"text\" placeholder=\"IBAN 0000 0000 0000 0000\">\n            <\/label>\n          <\/div>\n    \n          <div class=\"cell medium-6\">\n            <div class=\"cell\">\n              <label for=\"faddress\">Fakturazio helbidea\n                <input required type=\"text\" id=\"faddress\" name=\"faddress\">\n              <\/label>\n            <\/div>\n          <\/div>\n  \n          <div class=\"cell small-12\">\n            <label for=\"note\">Oharra\n              <textarea id=\"note\" name=\"note\" cols=\"10\" rows=\"4\"><\/textarea>\n            <\/label>           \n          <\/div>\n\n          <div class=\"cell small-12\">\n            <input required id=\"accept\" name=\"accept\" type=\"checkbox\"><label for=\"accept\">Onartu gure <a target=\"blank_\" style=\"text-decoration: underline;\" href=\"https:\/\/onaro.eus\/eu\/datu-pertsonalen-babesa-pribatutasun-politika\/\">politikak<\/a><\/label>\n          <\/div>\n\n          <div class=\"cell small-12\">\n            <input class=\"button\" type=\"submit\" name=\"submit\" value=\"Bidali\">\n          <\/div>\n        <\/fieldset>\n      <\/div>\n    <\/div>\n  <\/div>\n<\/form>\n","protected":false},"excerpt":{"rendered":"<p>Servicios Telefon\u00eda M\u00f3vil Conexi\u00f3n a internet Por radiofrecuencia Conexi\u00f3n a internet Por fibra \u00f3ptica Telefon\u00eda Fijo Televisi\u00f3n Por internet Eskuratu zure tarifa! Bete hurrengo formularioa edo etorri gure bulegora zure tarifa eskuratzeko: Bidebarrieta 24, O\u00f1argiren bulego berdinean09:00 &#8211; 14:00943 718 010arreta@onaro.eus<\/p>\n","protected":false},"author":1,"featured_media":0,"parent":0,"menu_order":0,"comment_status":"closed","ping_status":"closed","template":"","meta":{"footnotes":""},"class_list":["post-134","page","type-page","status-publish","hentry"],"acf":[],"_links":{"self":[{"href":"https:\/\/onaro.eus\/es\/wp-json\/wp\/v2\/pages\/134","targetHints":{"allow":["GET"]}}],"collection":[{"href":"https:\/\/onaro.eus\/es\/wp-json\/wp\/v2\/pages"}],"about":[{"href":"https:\/\/onaro.eus\/es\/wp-json\/wp\/v2\/types\/page"}],"author":[{"embeddable":true,"href":"https:\/\/onaro.eus\/es\/wp-json\/wp\/v2\/users\/1"}],"replies":[{"embeddable":true,"href":"https:\/\/onaro.eus\/es\/wp-json\/wp\/v2\/comments?post=134"}],"version-history":[{"count":35,"href":"https:\/\/onaro.eus\/es\/wp-json\/wp\/v2\/pages\/134\/revisions"}],"predecessor-version":[{"id":710,"href":"https:\/\/onaro.eus\/es\/wp-json\/wp\/v2\/pages\/134\/revisions\/710"}],"wp:attachment":[{"href":"https:\/\/onaro.eus\/es\/wp-json\/wp\/v2\/media?parent=134"}],"curies":[{"name":"wp","href":"https:\/\/api.w.org\/{rel}","templated":true}]}}