{"id":331,"date":"2021-12-05T21:00:01","date_gmt":"2021-12-05T21:00:01","guid":{"rendered":"https:\/\/onaro.eus\/?page_id=331"},"modified":"2021-12-05T21:00:02","modified_gmt":"2021-12-05T21:00:02","slug":"activacion-de-datos","status":"publish","type":"page","link":"https:\/\/onaro.eus\/es\/activacion-de-datos\/","title":{"rendered":"Activaci\u00f3n de datos"},"content":{"rendered":"\n<p>Para activar los datos del tel\u00e9fono m\u00f3vil siga las siguientes instrucciones:<\/p>\n\n\n\n<h2 class=\"wp-block-heading\"><strong>*Dispositivos Android:<\/strong><\/h2>\n\n\n\n<h4 class=\"wp-block-heading\"><strong>En el menu principal selecciona \u2018Ajustes\u2019<\/strong><\/h4>\n\n\n\n<p><\/p>\n\n\n\n<h4 class=\"wp-block-heading\">1. Selecciona \u2018Redes M\u00f3viles\u2019<\/h4>\n\n\n<div class=\"gid-container\">\n<div class=\"grid-x grid-margin-x medium-up-2\">\n  <div class=\"cell medium-order-1\"><img decoding=\"async\" src=\"\/app\/uploads\/2021\/08\/01_EUS1-Sare-mugikorrak-1.png\" alt=\"\"><\/div>\n  <div class=\"cell medium-order-2\"><\/div>\n<\/div>\n<\/div>\n\n\n<p> <\/p>\n\n\n\n<h4 class=\"wp-block-heading\">2. Selecciona \u2018Nombres de PUntos de Aceso\/APN\u2019.<\/h4>\n\n\n<div class=\"gid-container\">\n<div class=\"grid-x grid-margin-x medium-up-2\">\n  <div class=\"cell medium-order-1\"><img decoding=\"async\" src=\"\/app\/uploads\/2021\/08\/02_EUS2-Sarbide-puntuen-izenak-1.png\" alt=\"\"><\/div>\n  <div class=\"cell medium-order-2\"><\/div>\n<\/div>\n<\/div>\n\n\n<h4 class=\"wp-block-heading\"> <\/h4>\n\n\n\n<h4 class=\"wp-block-heading\">3. Crea un nuevo acceso (pulsando \u2018+\u2019).<\/h4>\n\n\n<div class=\"gid-container\">\n<div class=\"grid-x grid-margin-x medium-up-2\">\n  <div class=\"cell medium-order-1\"><img decoding=\"async\" src=\"\/app\/uploads\/2021\/08\/03_EUS3-Gehitu.png\" alt=\"\"><\/div>\n  <div class=\"cell medium-order-2\"><\/div>\n<\/div>\n<\/div>\n\n\n<h4 class=\"wp-block-heading\"> <\/h4>\n\n\n\n<h4 class=\"wp-block-heading\">Datos a rellenar al nuevo APN:<\/h4>\n\n\n\n<pre class=\"wp-block-preformatted\">NOMBRE: ONARO internet\nAPN : internet\nTipo de APN: default,supl <em>(coma y sin espacios)\n<\/em>MCC: 214\nMNC: 04\nTipo de autentificaci\u00f3n: PAP\nProtocolo de APN: IPv4\nProtocolo de itinerancia de APN: IPv4<\/pre>\n\n\n\n<h4 class=\"wp-block-heading\"> <\/h4>\n\n\n\n<h4 class=\"wp-block-heading\">Los dem\u00e1s campos como est\u00e1n.<br>Guarda los parametros y selecciona el APN reci\u00e9n creado.<\/h4>\n\n\n\n<p> <\/p>\n\n\n\n<p>&#8230;<\/p>\n\n\n\n<p> <\/p>\n\n\n\n<h2 class=\"wp-block-heading\"> <strong>*Dispositivos iOS (apple):<\/strong><\/h2>\n\n\n\n<h4 class=\"wp-block-heading\"><strong>En el menu principal seleccione \u2018Ajustes\u2019<\/strong><\/h4>\n\n\n\n<h4 class=\"wp-block-heading\">1. Selecciona \u2018Red de datos m\u00f3viles\u2019<\/h4>\n\n\n<div class=\"gid-container\">\n<div class=\"grid-x grid-margin-x medium-up-2\">\n  <div class=\"cell medium-order-1\"><img decoding=\"async\" src=\"\/app\/uploads\/2021\/08\/04_001-e1541764956556.jpg\" alt=\"\"><\/div>\n  <div class=\"cell medium-order-2\"><\/div>\n<\/div>\n<\/div>\n\n\n<h4 class=\"wp-block-heading\"> <\/h4>\n\n\n\n<h4 class=\"wp-block-heading\">2. Selecciona \u2018Punto e acceso\u2019<\/h4>\n\n\n<div class=\"gid-container\">\n<div class=\"grid-x grid-margin-x medium-up-2\">\n  <div class=\"cell medium-order-1\"><img decoding=\"async\" src=\"\/app\/uploads\/2021\/08\/05_002-e1541764933511.jpg\" alt=\"\"><\/div>\n  <div class=\"cell medium-order-2\"><\/div>\n<\/div>\n<\/div>\n\n\n<h4 class=\"wp-block-heading\"> <\/h4>\n\n\n\n<h4 class=\"wp-block-heading\">Lo que hay que poner en el punto de acceso:<\/h4>\n\n\n\n<pre class=\"wp-block-preformatted\">PUNTO DE ACCESO: internet\nUSUARIO: <em>(vac\u00edo)\n<\/em>CONTRASE\u00d1A:<em> (vac\u00edo<\/em>)<\/pre>\n\n\n\n<h4 class=\"wp-block-heading\"> <\/h4>\n\n\n\n<h4 class=\"wp-block-heading\">Deja las dem\u00e1s opciones como est\u00e1n.<br>Guarda los nuevos par\u00e1metros pulsando el bot\u00f3n \u00abintro\u00bb.<\/h4>\n\n\n\n<p>Si hay alg\u00fan problema o duda contacta con Onaro en la direcci\u00f3n de arreta@onaro.eus o en el tel\u00e9fono 943718010.<\/p>\n","protected":false},"excerpt":{"rendered":"<p>Para activar los datos del tel\u00e9fono m\u00f3vil siga las siguientes instrucciones: *Dispositivos Android: En el menu principal selecciona \u2018Ajustes\u2019 1. Selecciona \u2018Redes M\u00f3viles\u2019 2. Selecciona \u2018Nombres de PUntos de Aceso\/APN\u2019. 3. Crea un nuevo acceso (pulsando \u2018+\u2019). Datos a rellenar al nuevo APN: NOMBRE: ONARO internet APN : internet Tipo de APN: default,supl (coma y &hellip; <a href=\"https:\/\/onaro.eus\/es\/activacion-de-datos\/\">Continued<\/a><\/p>\n","protected":false},"author":1,"featured_media":0,"parent":0,"menu_order":0,"comment_status":"closed","ping_status":"closed","template":"","meta":{"footnotes":""},"class_list":["post-331","page","type-page","status-publish","hentry"],"acf":[],"_links":{"self":[{"href":"https:\/\/onaro.eus\/es\/wp-json\/wp\/v2\/pages\/331","targetHints":{"allow":["GET"]}}],"collection":[{"href":"https:\/\/onaro.eus\/es\/wp-json\/wp\/v2\/pages"}],"about":[{"href":"https:\/\/onaro.eus\/es\/wp-json\/wp\/v2\/types\/page"}],"author":[{"embeddable":true,"href":"https:\/\/onaro.eus\/es\/wp-json\/wp\/v2\/users\/1"}],"replies":[{"embeddable":true,"href":"https:\/\/onaro.eus\/es\/wp-json\/wp\/v2\/comments?post=331"}],"version-history":[{"count":1,"href":"https:\/\/onaro.eus\/es\/wp-json\/wp\/v2\/pages\/331\/revisions"}],"predecessor-version":[{"id":333,"href":"https:\/\/onaro.eus\/es\/wp-json\/wp\/v2\/pages\/331\/revisions\/333"}],"wp:attachment":[{"href":"https:\/\/onaro.eus\/es\/wp-json\/wp\/v2\/media?parent=331"}],"curies":[{"name":"wp","href":"https:\/\/api.w.org\/{rel}","templated":true}]}}