{"id":795,"date":"2026-05-06T07:02:31","date_gmt":"2026-05-06T07:02:31","guid":{"rendered":"https:\/\/onaro.eus\/kontaktua\/"},"modified":"2026-05-06T08:34:30","modified_gmt":"2026-05-06T08:34:30","slug":"kontaktua","status":"publish","type":"page","link":"https:\/\/onaro.eus\/es\/kontaktua\/","title":{"rendered":"Contacto"},"content":{"rendered":"<div class=\"mugikorrablock grid-container fix-3-both\">\n  <h1 class=\"o-title\">Si te quieres poner en contacto con nosotros en horario de oficina<\/h1>\n  <div class=\"mugikorra-prices grid-x grid-margin-x align-center medium-up-3\" data-equalizer=\"m-price-1\">\n        <div class=\"price-card cell\" data-equalizer-watch=\"m-prize-1\">\n      <div class=\"price-card-title\">OFICINA<\/div>\n      <div class=\"price-card-price\">Bidebarrieta 24<\/div>\n              <div class=\"price-card-note\">Lunes a Viernes 9:00-15:00     \/        Miercoles 16:00-18:00<\/div>\n          <\/div>\n      <\/div>\n\n      <div class=\"mugikorra-prices grid-x grid-margin-x align-center medium-up-4\" data-equalizer=\"m-price-2\">\n            <div class=\"price-card cell\" data-equalizer-watch=\"m-price-2\">\n        <div class=\"price-card-title\">TELEFONO<\/div>\n        <div class=\"price-card-price\">900 009 012<\/div>\n      <\/div>\n            <div class=\"price-card cell\" data-equalizer-watch=\"m-price-2\">\n        <div class=\"price-card-title\">EMAIL<\/div>\n        <div class=\"price-card-price\">arreta@onaro.eus<\/div>\n      <\/div>\n          <\/div>      \n  <\/div>\n\n\n<div class=\"wp-block-columns is-layout-flex wp-container-core-columns-is-layout-1 wp-block-columns-is-layout-flex\">\n<div class=\"wp-block-column is-layout-flow wp-block-column-is-layout-flow\" style=\"flex-basis:100%\"><div class=\"mugikorrablock grid-container fix-3-both\">\n  <h1 class=\"o-title\">AVISOS URGENTES<\/h1>\n  <div class=\"mugikorra-prices grid-x grid-margin-x align-center medium-up-3\" data-equalizer=\"m-price-1\">\n      <\/div>\n\n  <\/div><\/div>\n<\/div>\n\n\n<div class=\"mugikorrablock grid-container fix-3-both\">\n  <h1 class=\"o-title\">Si nos quieres dar un aviso urgente o tienes alg\u00fan problema fuera de las horas de oficina te agradecer\u00edamos que te pusieras en contacto con nosotros a trav\u00e9s de WhatsApp o correo electr\u00f3nico<\/h1>\n  <div class=\"mugikorra-prices grid-x grid-margin-x align-center medium-up-3\" data-equalizer=\"m-price-1\">\n      <\/div>\n\n      <div class=\"mugikorra-prices grid-x grid-margin-x align-center medium-up-4\" data-equalizer=\"m-price-2\">\n            <div class=\"price-card cell\" data-equalizer-watch=\"m-price-2\">\n        <div class=\"price-card-title\">WHATSAPP <\/div>\n        <div class=\"price-card-price\">943 718 010<\/div>\n      <\/div>\n            <div class=\"price-card cell\" data-equalizer-watch=\"m-price-2\">\n        <div class=\"price-card-title\">EMAIL<\/div>\n        <div class=\"price-card-price\">arreta@onaro.eus<\/div>\n      <\/div>\n          <\/div>      \n  <\/div>","protected":false},"excerpt":{"rendered":"","protected":false},"author":1,"featured_media":0,"parent":0,"menu_order":0,"comment_status":"closed","ping_status":"closed","template":"","meta":{"footnotes":""},"class_list":["post-795","page","type-page","status-publish","hentry"],"acf":[],"_links":{"self":[{"href":"https:\/\/onaro.eus\/es\/wp-json\/wp\/v2\/pages\/795","targetHints":{"allow":["GET"]}}],"collection":[{"href":"https:\/\/onaro.eus\/es\/wp-json\/wp\/v2\/pages"}],"about":[{"href":"https:\/\/onaro.eus\/es\/wp-json\/wp\/v2\/types\/page"}],"author":[{"embeddable":true,"href":"https:\/\/onaro.eus\/es\/wp-json\/wp\/v2\/users\/1"}],"replies":[{"embeddable":true,"href":"https:\/\/onaro.eus\/es\/wp-json\/wp\/v2\/comments?post=795"}],"version-history":[{"count":4,"href":"https:\/\/onaro.eus\/es\/wp-json\/wp\/v2\/pages\/795\/revisions"}],"predecessor-version":[{"id":806,"href":"https:\/\/onaro.eus\/es\/wp-json\/wp\/v2\/pages\/795\/revisions\/806"}],"wp:attachment":[{"href":"https:\/\/onaro.eus\/es\/wp-json\/wp\/v2\/media?parent=795"}],"curies":[{"name":"wp","href":"https:\/\/api.w.org\/{rel}","templated":true}]}}